{"id":17311,"date":"2023-10-27T06:53:38","date_gmt":"2023-10-26T22:53:38","guid":{"rendered":"http:\/\/cassie.linkerr.cn\/?page_id=17311"},"modified":"2026-03-27T15:11:26","modified_gmt":"2026-03-27T07:11:26","slug":"oem-odm-manufacturing","status":"publish","type":"page","link":"https:\/\/www.gewurooftentrailer.com\/fr\/oem-logo-packaing-color-solution","title":{"rendered":"OEM\/ODM"},"content":{"rendered":"<section class=\"l-section wpb_row us_custom_95a58857 has_text_color height_huge color_footer-bottom with_img\"><div class=\"l-section-img\" data-img-width=\"2000\" data-img-height=\"1333\" style=\"background-image: url(https:\/\/www.gewurooftentrailer.com\/wp-content\/uploads\/2024\/08\/MTB_00.jpg);\"><\/div><div class=\"l-section-overlay\" style=\"background:rgba(51,51,51,0.54)\"><\/div><div class=\"l-section-h i-cf\"><div class=\"g-cols vc_row via_grid cols_1 laptops-cols_inherit tablets-cols_1 mobiles-cols_1 valign_middle type_default stacking_default\" style=\"grid-gap:5vw;\"><div class=\"wpb_column vc_column_container\"><div class=\"vc_column-inner\"><h1 class=\"w-text us_custom_8ea8ef30 has_text_color\"><span class=\"w-text-h\"><span class=\"w-text-value\">Solution OEM\/ODM<\/span><\/span><\/h1><div class=\"w-separator us_custom_3a009e18 size_small\"><\/div><div class=\"wpb_text_column us_custom_b9a7bcc3 has_text_color\"><div class=\"wpb_wrapper\"><p>Assurer le d\u00e9veloppement, la conception et le prototypage de produits personnalis\u00e9s afin de r\u00e9pondre aux sp\u00e9cifications des clients.<\/p>\n<\/div><\/div><div class=\"w-separator size_medium\"><\/div><\/div><\/div><\/div><\/div><\/section><section class=\"l-section wpb_row us_custom_0fa8ae89 height_auto width_custom\" style=\"--site-content-width:1080px;\"><div class=\"l-section-h i-cf\"><div class=\"g-cols vc_row via_grid cols_2 laptops-cols_2 tablets-cols_1 mobiles-cols_1 valign_middle type_default\" style=\"grid-gap:2rem;\"><div class=\"wpb_column vc_column_container\"><div class=\"vc_column-inner\"><div class=\"wpb_text_column listText\"><div class=\"wpb_wrapper\"><h2><strong><b>Personnalis\u00e9 \u00e0 votre LOGO<\/b><\/strong><\/h2>\n<p>Laissez-nous ajouter une touche personnelle \u00e0 votre tente de toit ext\u00e9rieure. Gr\u00e2ce \u00e0 notre service de logo personnalis\u00e9, vous pouvez choisir d'ajouter le logo de votre entreprise, l'insigne de votre club ou tout autre motif de votre choix \u00e0 votre tente de toit.<\/p>\n<p>C'est non seulement un excellent moyen d'am\u00e9liorer votre image de marque, mais cela permet \u00e9galement \u00e0 votre tente de toit de se d\u00e9marquer de la foule.<\/p>\n<p>Nous utilisons une technologie d'impression de haute qualit\u00e9 pour garantir la durabilit\u00e9 et la beaut\u00e9 du logo, afin que votre tente de toit ait un aspect professionnel et accrocheur \u00e0 tout moment.<\/p>\n<\/div><\/div><div class=\"w-separator size_small\"><\/div><div class=\"w-btn-wrapper align_none\"><a class=\"w-btn us-btn-style_1\" href=\"https:\/\/www.gewurooftentrailer.com\/fr\/contact\/\"><span class=\"w-btn-label\">Nous contacter<\/span><\/a><\/div><\/div><\/div><div class=\"wpb_column vc_column_container us_custom_19737bc8\"><div class=\"vc_column-inner\"><div class=\"w-grid type_carousel layout_gallery_default\" id=\"us_grid_1\" style=\"--gap:1.5rem;\"><style>.layout_gallery_default .w-grid-item-h{}<\/style><div class=\"w-grid-list owl-carousel navstyle_circle navpos_outside\">\t<article class=\"w-grid-item post-20414 attachment type-attachment status-inherit hentry\" data-id=\"20414\">\r\n\t\t<div class=\"w-grid-item-h\">\r\n\t\t\t\t\t\t<div class=\"w-post-elm post_image usg_post_image_1 stretched\"><img loading=\"lazy\" decoding=\"async\" width=\"800\" height=\"664\" src=\"https:\/\/www.gewurooftentrailer.com\/wp-content\/uploads\/2025\/01\/OEM-Logo.webp\" class=\"attachment-large size-large\" alt=\"\" srcset=\"https:\/\/www.gewurooftentrailer.com\/wp-content\/uploads\/2025\/01\/OEM-Logo.webp 800w, https:\/\/www.gewurooftentrailer.com\/wp-content\/uploads\/2025\/01\/OEM-Logo-150x125.webp 150w\" sizes=\"auto, (max-width: 800px) 100vw, 800px\" \/><\/div>\t\t<\/div>\r\n\t<\/article>\r\n<\/div><div class=\"g-preloader type_1\">\r\n\t<div><\/div>\r\n<\/div>\r\n\t<div class=\"w-grid-json hidden\" onclick='return {&quot;action&quot;:&quot;us_ajax_grid&quot;,&quot;ajax_url&quot;:&quot;https:\\\/\\\/www.gewurooftentrailer.com\\\/wp-admin\\\/admin-ajax.php&quot;,&quot;infinite_scroll&quot;:0,&quot;max_num_pages&quot;:1,&quot;pagination&quot;:&quot;none&quot;,&quot;permalink_url&quot;:&quot;https:\\\/\\\/www.gewurooftentrailer.com\\\/fr\\\/wp-json\\\/wp\\\/v2\\\/pages\\\/17311&quot;,&quot;template_vars&quot;:{&quot;columns&quot;:&quot;1&quot;,&quot;exclude_items&quot;:&quot;none&quot;,&quot;img_size&quot;:&quot;default&quot;,&quot;ignore_items_size&quot;:0,&quot;items_layout&quot;:&quot;gallery_default&quot;,&quot;items_offset&quot;:&quot;1&quot;,&quot;load_animation&quot;:&quot;none&quot;,&quot;overriding_link&quot;:&quot;none&quot;,&quot;post_id&quot;:0,&quot;query_args&quot;:{&quot;post_type&quot;:[&quot;attachment&quot;],&quot;post__in&quot;:[&quot;20414&quot;],&quot;post_status&quot;:&quot;inherit&quot;,&quot;post_mime_type&quot;:&quot;image&quot;,&quot;posts_per_page&quot;:&quot;10&quot;},&quot;orderby_query_args&quot;:{&quot;orderby&quot;:{&quot;date&quot;:&quot;DESC&quot;}},&quot;type&quot;:&quot;carousel&quot;,&quot;us_grid_ajax_index&quot;:1,&quot;us_grid_filter_params&quot;:null,&quot;us_grid_index&quot;:1,&quot;_us_grid_post_type&quot;:&quot;attachment&quot;,&quot;page_args&quot;:[]},&quot;carousel_settings&quot;:{&quot;autoHeight&quot;:0,&quot;autoplay&quot;:0,&quot;carousel_fade&quot;:0,&quot;center&quot;:0,&quot;dots&quot;:0,&quot;items&quot;:&quot;1&quot;,&quot;loop&quot;:false,&quot;nav&quot;:0,&quot;slideby&quot;:&quot;1&quot;,&quot;smooth_play&quot;:0,&quot;speed&quot;:250,&quot;timeout&quot;:3000,&quot;transition&quot;:&quot;&quot;,&quot;aria_labels&quot;:{&quot;prev&quot;:&quot;Pr\\u00e9c\\u00e9dent&quot;,&quot;next&quot;:&quot;Suivant&quot;}},&quot;carousel_breakpoints&quot;:{&quot;0&quot;:{&quot;autoHeight&quot;:0,&quot;autoplay&quot;:1,&quot;autoplayHoverPause&quot;:1,&quot;items&quot;:1,&quot;loop&quot;:true,&quot;stagePadding&quot;:0},&quot;601&quot;:{&quot;autoHeight&quot;:0,&quot;autoplay&quot;:1,&quot;autoplayHoverPause&quot;:1,&quot;items&quot;:&quot;1&quot;,&quot;loop&quot;:true,&quot;stagePadding&quot;:0},&quot;1025&quot;:{&quot;autoHeight&quot;:0,&quot;autoplay&quot;:1,&quot;autoplayHoverPause&quot;:1,&quot;items&quot;:&quot;1&quot;,&quot;loop&quot;:true,&quot;stagePadding&quot;:0},&quot;1281&quot;:{&quot;items&quot;:1,&quot;stagePadding&quot;:0}}}'><\/div>\r\n\t<\/div><\/div><\/div><\/div><\/div><\/section><section class=\"l-section wpb_row us_custom_dd75038c height_auto width_custom\" style=\"--site-content-width:1080px;\"><div class=\"l-section-h i-cf\"><div class=\"g-cols vc_row via_grid cols_2 laptops-cols_2 tablets-cols_1 mobiles-cols_1 valign_middle type_default\" style=\"grid-gap:2rem;\"><div class=\"wpb_column vc_column_container us_custom_19737bc8\"><div class=\"vc_column-inner\"><div class=\"w-grid type_carousel layout_gallery_default\" id=\"us_grid_2\" style=\"--gap:1.5rem;\"><div class=\"w-grid-list owl-carousel navstyle_circle navpos_outside\">\t<article class=\"w-grid-item post-20413 attachment type-attachment status-inherit hentry\" data-id=\"20413\">\r\n\t\t<div class=\"w-grid-item-h\">\r\n\t\t\t\t\t\t<div class=\"w-post-elm post_image usg_post_image_1 stretched\"><img loading=\"lazy\" decoding=\"async\" width=\"800\" height=\"642\" src=\"https:\/\/www.gewurooftentrailer.com\/wp-content\/uploads\/2025\/01\/OEM-Material.webp\" class=\"attachment-large size-large\" alt=\"\" srcset=\"https:\/\/www.gewurooftentrailer.com\/wp-content\/uploads\/2025\/01\/OEM-Material.webp 800w, https:\/\/www.gewurooftentrailer.com\/wp-content\/uploads\/2025\/01\/OEM-Material-150x120.webp 150w\" sizes=\"auto, (max-width: 800px) 100vw, 800px\" \/><\/div>\t\t<\/div>\r\n\t<\/article>\r\n<\/div><div class=\"g-preloader type_1\">\r\n\t<div><\/div>\r\n<\/div>\r\n\t<div class=\"w-grid-json hidden\" onclick='return {&quot;action&quot;:&quot;us_ajax_grid&quot;,&quot;ajax_url&quot;:&quot;https:\\\/\\\/www.gewurooftentrailer.com\\\/wp-admin\\\/admin-ajax.php&quot;,&quot;infinite_scroll&quot;:0,&quot;max_num_pages&quot;:1,&quot;pagination&quot;:&quot;none&quot;,&quot;permalink_url&quot;:&quot;https:\\\/\\\/www.gewurooftentrailer.com\\\/fr\\\/wp-json\\\/wp\\\/v2\\\/pages\\\/17311&quot;,&quot;template_vars&quot;:{&quot;columns&quot;:&quot;1&quot;,&quot;exclude_items&quot;:&quot;none&quot;,&quot;img_size&quot;:&quot;default&quot;,&quot;ignore_items_size&quot;:0,&quot;items_layout&quot;:&quot;gallery_default&quot;,&quot;items_offset&quot;:&quot;1&quot;,&quot;load_animation&quot;:&quot;none&quot;,&quot;overriding_link&quot;:&quot;none&quot;,&quot;post_id&quot;:0,&quot;query_args&quot;:{&quot;post_type&quot;:[&quot;attachment&quot;],&quot;post__in&quot;:[&quot;20413&quot;],&quot;post_status&quot;:&quot;inherit&quot;,&quot;post_mime_type&quot;:&quot;image&quot;,&quot;posts_per_page&quot;:&quot;10&quot;},&quot;orderby_query_args&quot;:{&quot;orderby&quot;:{&quot;date&quot;:&quot;DESC&quot;}},&quot;type&quot;:&quot;carousel&quot;,&quot;us_grid_ajax_index&quot;:2,&quot;us_grid_filter_params&quot;:null,&quot;us_grid_index&quot;:2,&quot;_us_grid_post_type&quot;:&quot;attachment&quot;,&quot;page_args&quot;:[]},&quot;carousel_settings&quot;:{&quot;autoHeight&quot;:0,&quot;autoplay&quot;:0,&quot;carousel_fade&quot;:0,&quot;center&quot;:0,&quot;dots&quot;:0,&quot;items&quot;:&quot;1&quot;,&quot;loop&quot;:false,&quot;nav&quot;:0,&quot;slideby&quot;:&quot;1&quot;,&quot;smooth_play&quot;:0,&quot;speed&quot;:250,&quot;timeout&quot;:3000,&quot;transition&quot;:&quot;&quot;,&quot;aria_labels&quot;:{&quot;prev&quot;:&quot;Pr\\u00e9c\\u00e9dent&quot;,&quot;next&quot;:&quot;Suivant&quot;}},&quot;carousel_breakpoints&quot;:{&quot;0&quot;:{&quot;autoHeight&quot;:0,&quot;autoplay&quot;:1,&quot;autoplayHoverPause&quot;:1,&quot;items&quot;:1,&quot;loop&quot;:true,&quot;stagePadding&quot;:0},&quot;601&quot;:{&quot;autoHeight&quot;:0,&quot;autoplay&quot;:1,&quot;autoplayHoverPause&quot;:1,&quot;items&quot;:&quot;1&quot;,&quot;loop&quot;:true,&quot;stagePadding&quot;:0},&quot;1025&quot;:{&quot;autoHeight&quot;:0,&quot;autoplay&quot;:1,&quot;autoplayHoverPause&quot;:1,&quot;items&quot;:&quot;1&quot;,&quot;loop&quot;:true,&quot;stagePadding&quot;:0},&quot;1281&quot;:{&quot;items&quot;:1,&quot;stagePadding&quot;:0}}}'><\/div>\r\n\t<\/div><\/div><\/div><div class=\"wpb_column vc_column_container\"><div class=\"vc_column-inner\"><div class=\"wpb_text_column listText\"><div class=\"wpb_wrapper\"><h2><strong><b>Adapt\u00e9 \u00e0 votre mat\u00e9riau<\/b><\/strong><\/h2>\n<p>Il est essentiel de choisir le mat\u00e9riau de la tente le mieux adapt\u00e9 \u00e0 vos besoins. Nous proposons une large s\u00e9lection de tissus et de mat\u00e9riaux de haute qualit\u00e9, y compris des options r\u00e9sistantes \u00e0 l'usure, r\u00e9sistantes \u00e0 l'eau et l\u00e9g\u00e8res.<\/p>\n<p>Que vous soyez confront\u00e9 \u00e0 des environnements naturels difficiles ou \u00e0 une utilisation quotidienne, nous avons la solution qu'il vous faut. Explorez nos options de mat\u00e9riaux pour rendre votre tente de toit durable et adaptable \u00e0 diff\u00e9rents environnements.<\/p>\n<\/div><\/div><div class=\"w-separator size_small\"><\/div><div class=\"w-btn-wrapper align_none\"><a class=\"w-btn us-btn-style_1\" href=\"https:\/\/www.gewurooftentrailer.com\/fr\/contact\/\"><span class=\"w-btn-label\">Nous contacter<\/span><\/a><\/div><\/div><\/div><\/div><\/div><\/section><section class=\"l-section wpb_row us_custom_ce822870 height_auto width_custom\" style=\"--site-content-width:1080px;\"><div class=\"l-section-h i-cf\"><div class=\"g-cols vc_row via_grid cols_2-1 laptops-cols_2 tablets-cols_1 mobiles-cols_1 valign_middle type_default\" style=\"grid-gap:0.5rem;\"><div class=\"wpb_column vc_column_container\"><div class=\"vc_column-inner\"><div class=\"wpb_text_column listText\"><div class=\"wpb_wrapper\"><h2><strong><b>Personnalis\u00e9 \u00e0 votre taille<\/b><\/strong><\/h2>\n<p>Que vous ayez besoin d'une petite tente double ou d'une grande tente de groupe, nous pouvons vous fournir des services sur mesure. Il vous suffit de nous faire part de vos besoins et nous concevrons et fabriquerons la tente en fonction de vos exigences sp\u00e9cifiques.<\/p>\n<p>Du plus compact au plus spacieux, chaque taille est soigneusement con\u00e7ue pour garantir une utilisation maximale de l'espace et une exp\u00e9rience confortable. Votre imagination est la seule limite.<\/p>\n<\/div><\/div><div class=\"w-separator size_small\"><\/div><div class=\"w-btn-wrapper align_none\"><a class=\"w-btn us-btn-style_1\" href=\"https:\/\/www.gewurooftentrailer.com\/fr\/contact\/\"><span class=\"w-btn-label\">Nous contacter<\/span><\/a><\/div><\/div><\/div><div class=\"wpb_column vc_column_container us_custom_19737bc8\"><div class=\"vc_column-inner\"><div class=\"w-image align_none\"><div class=\"w-image-h\"><img loading=\"lazy\" decoding=\"async\" width=\"800\" height=\"642\" src=\"https:\/\/www.gewurooftentrailer.com\/wp-content\/uploads\/2025\/01\/OEM-Material.webp\" class=\"attachment-large size-large\" alt=\"\" srcset=\"https:\/\/www.gewurooftentrailer.com\/wp-content\/uploads\/2025\/01\/OEM-Material.webp 800w, https:\/\/www.gewurooftentrailer.com\/wp-content\/uploads\/2025\/01\/OEM-Material-150x120.webp 150w\" sizes=\"auto, (max-width: 800px) 100vw, 800px\" \/><\/div><\/div><\/div><\/div><\/div><\/div><\/section><section class=\"l-section wpb_row us_custom_dd75038c height_auto width_custom\" style=\"--site-content-width:1080px;\"><div class=\"l-section-h i-cf\"><div class=\"g-cols vc_row via_grid cols_2-3 laptops-cols_2 tablets-cols_1 mobiles-cols_1 valign_middle type_default\" style=\"grid-gap:2rem;\"><div class=\"wpb_column vc_column_container us_custom_19737bc8\"><div class=\"vc_column-inner\"><div class=\"w-image us_custom_95bc2ed0 align_none\"><div class=\"w-image-h\"><img loading=\"lazy\" decoding=\"async\" width=\"800\" height=\"719\" src=\"https:\/\/www.gewurooftentrailer.com\/wp-content\/uploads\/2025\/01\/OEM-Color.webp\" class=\"attachment-large size-large\" alt=\"\" srcset=\"https:\/\/www.gewurooftentrailer.com\/wp-content\/uploads\/2025\/01\/OEM-Color.webp 800w, https:\/\/www.gewurooftentrailer.com\/wp-content\/uploads\/2025\/01\/OEM-Color-150x135.webp 150w\" sizes=\"auto, (max-width: 800px) 100vw, 800px\" \/><\/div><\/div><\/div><\/div><div class=\"wpb_column vc_column_container\"><div class=\"vc_column-inner\"><div class=\"wpb_text_column listText\"><div class=\"wpb_wrapper\"><h2><strong><b>Personnalis\u00e9 \u00e0 votre couleur<\/b><\/strong><\/h2>\n<p>Adaptez la couleur de votre tente de toit \u00e0 votre style personnel ou \u00e0 la couleur de votre marque. Nous proposons une gamme compl\u00e8te d'options de couleurs personnalis\u00e9es, afin que vous puissiez choisir votre couleur pr\u00e9f\u00e9r\u00e9e ou celle qui s'harmonise avec le th\u00e8me de votre entreprise ou de votre \u00e9v\u00e9nement.<\/p>\n<p>Notre processus de teinture de haute qualit\u00e9 garantit la durabilit\u00e9 et la vivacit\u00e9 des couleurs, qui ne s'estomperont pas m\u00eame apr\u00e8s une exposition prolong\u00e9e au soleil. Rendez votre tente de toit plus unique et plus attrayante gr\u00e2ce \u00e0 la personnalisation des couleurs.<\/p>\n<\/div><\/div><div class=\"w-separator size_small\"><\/div><div class=\"w-btn-wrapper align_none\"><a class=\"w-btn us-btn-style_1\" href=\"https:\/\/www.gewurooftentrailer.com\/fr\/contact\/\"><span class=\"w-btn-label\">Nous contacter<\/span><\/a><\/div><\/div><\/div><\/div><\/div><\/section>","protected":false},"excerpt":{"rendered":"","protected":false},"author":12,"featured_media":0,"parent":0,"menu_order":0,"comment_status":"closed","ping_status":"closed","template":"","meta":{"footnotes":""},"class_list":["post-17311","page","type-page","status-publish","hentry"],"acf":[],"yoast_head":"<!-- This site is optimized with the Yoast SEO plugin v27.2 - https:\/\/yoast.com\/product\/yoast-seo-wordpress\/ -->\n<title>OEM\/ODM - Roof top tent manufacturers | Gewu<\/title>\n<meta name=\"robots\" content=\"index, follow, max-snippet:-1, max-image-preview:large, max-video-preview:-1\" \/>\n<link rel=\"canonical\" href=\"https:\/\/www.gewurooftentrailer.com\/fr\/oem-logo-packaing-color-solution\/\" \/>\n<meta property=\"og:locale\" content=\"fr_FR\" \/>\n<meta property=\"og:type\" content=\"article\" \/>\n<meta property=\"og:title\" content=\"OEM\/ODM - Roof top tent manufacturers | Gewu\" \/>\n<meta property=\"og:url\" content=\"https:\/\/www.gewurooftentrailer.com\/fr\/oem-logo-packaing-color-solution\/\" \/>\n<meta property=\"og:site_name\" content=\"Roof top tent manufacturers | Gewu\" \/>\n<meta property=\"article:modified_time\" content=\"2026-03-27T07:11:26+00:00\" \/>\n<meta name=\"twitter:card\" content=\"summary_large_image\" \/>\n<meta name=\"twitter:label1\" content=\"Dur\u00e9e de lecture estim\u00e9e\" \/>\n\t<meta name=\"twitter:data1\" content=\"3 minutes\" \/>\n<script type=\"application\/ld+json\" class=\"yoast-schema-graph\">{\"@context\":\"https:\/\/schema.org\",\"@graph\":[{\"@type\":\"WebPage\",\"@id\":\"https:\/\/www.gewurooftentrailer.com\/oem-logo-packaing-color-solution\/\",\"url\":\"https:\/\/www.gewurooftentrailer.com\/oem-logo-packaing-color-solution\/\",\"name\":\"OEM\/ODM - Roof top tent manufacturers | Gewu\",\"isPartOf\":{\"@id\":\"https:\/\/www.gewurooftentrailer.com\/#website\"},\"datePublished\":\"2023-10-26T22:53:38+00:00\",\"dateModified\":\"2026-03-27T07:11:26+00:00\",\"breadcrumb\":{\"@id\":\"https:\/\/www.gewurooftentrailer.com\/oem-logo-packaing-color-solution\/#breadcrumb\"},\"inLanguage\":\"fr-FR\",\"potentialAction\":[{\"@type\":\"ReadAction\",\"target\":[\"https:\/\/www.gewurooftentrailer.com\/oem-logo-packaing-color-solution\/\"]}]},{\"@type\":\"BreadcrumbList\",\"@id\":\"https:\/\/www.gewurooftentrailer.com\/oem-logo-packaing-color-solution\/#breadcrumb\",\"itemListElement\":[{\"@type\":\"ListItem\",\"position\":1,\"name\":\"Home\",\"item\":\"https:\/\/www.gewurooftentrailer.com\/\"},{\"@type\":\"ListItem\",\"position\":2,\"name\":\"OEM\/ODM\"}]},{\"@type\":\"WebSite\",\"@id\":\"https:\/\/www.gewurooftentrailer.com\/#website\",\"url\":\"https:\/\/www.gewurooftentrailer.com\/\",\"name\":\"Gxinmarker | Gewu\",\"description\":\"Roof top tent manufacturers\",\"alternateName\":\"Roof top tent manufacturers | Gewu\",\"potentialAction\":[{\"@type\":\"SearchAction\",\"target\":{\"@type\":\"EntryPoint\",\"urlTemplate\":\"https:\/\/www.gewurooftentrailer.com\/?s={search_term_string}\"},\"query-input\":{\"@type\":\"PropertyValueSpecification\",\"valueRequired\":true,\"valueName\":\"search_term_string\"}}],\"inLanguage\":\"fr-FR\"}]}<\/script>\n<!-- \/ Yoast SEO plugin. -->","yoast_head_json":{"title":"OEM\/ODM - Roof top tent manufacturers | Gewu","robots":{"index":"index","follow":"follow","max-snippet":"max-snippet:-1","max-image-preview":"max-image-preview:large","max-video-preview":"max-video-preview:-1"},"canonical":"https:\/\/www.gewurooftentrailer.com\/fr\/oem-logo-packaing-color-solution\/","og_locale":"fr_FR","og_type":"article","og_title":"OEM\/ODM - Roof top tent manufacturers | Gewu","og_url":"https:\/\/www.gewurooftentrailer.com\/fr\/oem-logo-packaing-color-solution\/","og_site_name":"Roof top tent manufacturers | Gewu","article_modified_time":"2026-03-27T07:11:26+00:00","twitter_card":"summary_large_image","twitter_misc":{"Dur\u00e9e de lecture estim\u00e9e":"3 minutes"},"schema":{"@context":"https:\/\/schema.org","@graph":[{"@type":"WebPage","@id":"https:\/\/www.gewurooftentrailer.com\/oem-logo-packaing-color-solution\/","url":"https:\/\/www.gewurooftentrailer.com\/oem-logo-packaing-color-solution\/","name":"OEM\/ODM - Roof top tent manufacturers | Gewu","isPartOf":{"@id":"https:\/\/www.gewurooftentrailer.com\/#website"},"datePublished":"2023-10-26T22:53:38+00:00","dateModified":"2026-03-27T07:11:26+00:00","breadcrumb":{"@id":"https:\/\/www.gewurooftentrailer.com\/oem-logo-packaing-color-solution\/#breadcrumb"},"inLanguage":"fr-FR","potentialAction":[{"@type":"ReadAction","target":["https:\/\/www.gewurooftentrailer.com\/oem-logo-packaing-color-solution\/"]}]},{"@type":"BreadcrumbList","@id":"https:\/\/www.gewurooftentrailer.com\/oem-logo-packaing-color-solution\/#breadcrumb","itemListElement":[{"@type":"ListItem","position":1,"name":"Home","item":"https:\/\/www.gewurooftentrailer.com\/"},{"@type":"ListItem","position":2,"name":"OEM\/ODM"}]},{"@type":"WebSite","@id":"https:\/\/www.gewurooftentrailer.com\/#website","url":"https:\/\/www.gewurooftentrailer.com\/","name":"Gxinmarker | Gewu","description":"Roof top tent manufacturers","alternateName":"Roof top tent manufacturers | Gewu","potentialAction":[{"@type":"SearchAction","target":{"@type":"EntryPoint","urlTemplate":"https:\/\/www.gewurooftentrailer.com\/?s={search_term_string}"},"query-input":{"@type":"PropertyValueSpecification","valueRequired":true,"valueName":"search_term_string"}}],"inLanguage":"fr-FR"}]}},"_links":{"self":[{"href":"https:\/\/www.gewurooftentrailer.com\/fr\/wp-json\/wp\/v2\/pages\/17311","targetHints":{"allow":["GET"]}}],"collection":[{"href":"https:\/\/www.gewurooftentrailer.com\/fr\/wp-json\/wp\/v2\/pages"}],"about":[{"href":"https:\/\/www.gewurooftentrailer.com\/fr\/wp-json\/wp\/v2\/types\/page"}],"author":[{"embeddable":true,"href":"https:\/\/www.gewurooftentrailer.com\/fr\/wp-json\/wp\/v2\/users\/12"}],"replies":[{"embeddable":true,"href":"https:\/\/www.gewurooftentrailer.com\/fr\/wp-json\/wp\/v2\/comments?post=17311"}],"version-history":[{"count":8,"href":"https:\/\/www.gewurooftentrailer.com\/fr\/wp-json\/wp\/v2\/pages\/17311\/revisions"}],"predecessor-version":[{"id":40490,"href":"https:\/\/www.gewurooftentrailer.com\/fr\/wp-json\/wp\/v2\/pages\/17311\/revisions\/40490"}],"wp:attachment":[{"href":"https:\/\/www.gewurooftentrailer.com\/fr\/wp-json\/wp\/v2\/media?parent=17311"}],"curies":[{"name":"wp","href":"https:\/\/api.w.org\/{rel}","templated":true}]}}